{"id":153,"date":"2008-07-28T16:57:30","date_gmt":"2008-07-28T14:57:30","guid":{"rendered":"http:\/\/www.st-antonius.at\/antonius\/?page_id=67"},"modified":"2025-09-17T20:22:50","modified_gmt":"2025-09-17T19:22:50","slug":"rektoratskirche","status":"publish","type":"page","link":"https:\/\/www.st-antonius.at\/antonius\/?page_id=153","title":{"rendered":"Rektorat der Kirche St. Antonius"},"content":{"rendered":"<p><!--more--><\/p>\n<table width=\"100%\">\n<tbody>\n<tr>\n<td><a href=\"http:\/\/www.st-antonius.at\/antonius\/wp-content\/uploads\/2008\/07\/rektorat.jpg\"><img loading=\"lazy\" decoding=\"async\" class=\"alignleft wp-image-68\" title=\"rektorat\" src=\"http:\/\/www.st-antonius.at\/antonius\/wp-content\/uploads\/2008\/07\/rektorat.jpg\" alt=\"St. Antoniuskirche\" width=\"231\" height=\"305\" \/><\/a><strong>Adresse:<\/strong><br \/>\nRektorat der Kirche St. Antonius,<br \/>\nKirchstra\u00dfe 36a,<br \/>\n6900 Bregenz,<br \/>\n\u00d6sterreich,<br \/>\nTel.: 0043\/5574\/43291-511,<br \/>\nE-mail senden: <a href=\"mailto:rektorat@st-antonius.at\">rektorat@st-antonius.at<\/a><\/p>\n<p><strong>Spendenkonto:<\/strong><br \/>\nRektoratskirche St. Antonius<br \/>\nIBAN: AT77 3700 0000 0380 2657<br \/>\nBIC: RVVGAT2BXXX<\/td>\n<\/tr>\n<tr>\n<td><a href=\"https:\/\/www.st-antonius.at\/antonius\/wp-content\/uploads\/2025\/09\/p-johann.jpg\"><img loading=\"lazy\" decoding=\"async\" class=\"alignleft wp-image-7105\" src=\"https:\/\/www.st-antonius.at\/antonius\/wp-content\/uploads\/2025\/09\/p-johann-200x200.jpg\" alt=\"\" width=\"230\" height=\"230\" \/><\/a><strong>Kirchenrektor<\/strong><br \/>\nPater Johann Fenninger FSO<br \/>\nTel.: 0043\/5574\/43291-511,<br \/>\nE-mail senden: <a href=\"mailto:rektorat@st-antonius.at\">rektorat@st-antonius.at<\/a><\/td>\n<\/tr>\n<\/tbody>\n<\/table>\n<p>Die Kapuzinerkirche wurde 1639 erbaut und ist dem hl. Antonius von Padua geweiht. Die Kapuziner haben an dieser St\u00e4tte 360 Jahre lang segensreich gewirkt.1996 wurde die Kirche von Bischof DDr. Klaus K\u00fcng als Rektoratskirche errichtet und zur seelsorglichen Betreuung den Priestern der geistlichen Familie &#8222;das Werk&#8220; \u00fcbergeben.<\/p>\n<p><strong>Haftungshinweis<\/strong><\/p>\n<p>Trotz sorgf\u00e4ltiger inhaltlicher Kontrolle \u00fcbernehmen wir keine Haftung f\u00fcr die Inhalte externer Links. F\u00fcr den Inhalt der verlinkten Seiten sind ausschlie\u00dflich deren Betreiber verantwortlich.<\/p>\n<p><strong>Haftungsausschluss<\/strong><\/p>\n<p>Diese Website zeigt den derzeitigen Stand eines fortlaufenden Entwicklungsprozesses. Obwohl bei der Zusammenstellung der auf dieser Website enthaltenen Inhalte und Services gr\u00f6\u00dftm\u00f6gliche Sorgfalt und Kontrolle beachtet wurde, kann das Rektorat der Kapuzinerkirche St. Antonius in Bregenz f\u00fcr die jeweilige Aktualit\u00e4t, Richtigkeit, Vollst\u00e4ndigkeit oder Qualit\u00e4t keine Gew\u00e4hr \u00fcbernehmen. S\u00e4mtliche Anspr\u00fcche gegen das Rektorat der Kapuzinerkriche Bregenz wegen der Nutzung fehlerhafter und unvollst\u00e4ndiger Informationen, Inhalte oder Services sind ausgeschlossen.<\/p>\n<p>Das Rektorat Kirche St. Antonius in Bregenz beh\u00e4lt sich ausdr\u00fccklich vor, Inhalte und Services der Website ohne gesonderte Ank\u00fcndigung zu ver\u00e4ndern, zu erg\u00e4nzen, zu l\u00f6schen oder das gesamte Angebot oder die Ver\u00f6ffentlichung zeitweise oder endg\u00fcltig einzustellen.<\/p>\n<p>&nbsp;<\/p>\n","protected":false},"excerpt":{"rendered":"","protected":false},"author":2,"featured_media":4714,"parent":0,"menu_order":0,"comment_status":"closed","ping_status":"closed","template":"","meta":{"footnotes":""},"publishpress_future_action":{"enabled":false,"date":"2026-04-13 19:27:43","action":"Draft","newStatus":"draft","terms":[],"taxonomy":""},"_links":{"self":[{"href":"https:\/\/www.st-antonius.at\/antonius\/index.php?rest_route=\/wp\/v2\/pages\/153"}],"collection":[{"href":"https:\/\/www.st-antonius.at\/antonius\/index.php?rest_route=\/wp\/v2\/pages"}],"about":[{"href":"https:\/\/www.st-antonius.at\/antonius\/index.php?rest_route=\/wp\/v2\/types\/page"}],"author":[{"embeddable":true,"href":"https:\/\/www.st-antonius.at\/antonius\/index.php?rest_route=\/wp\/v2\/users\/2"}],"replies":[{"embeddable":true,"href":"https:\/\/www.st-antonius.at\/antonius\/index.php?rest_route=%2Fwp%2Fv2%2Fcomments&post=153"}],"version-history":[{"count":3,"href":"https:\/\/www.st-antonius.at\/antonius\/index.php?rest_route=\/wp\/v2\/pages\/153\/revisions"}],"predecessor-version":[{"id":7107,"href":"https:\/\/www.st-antonius.at\/antonius\/index.php?rest_route=\/wp\/v2\/pages\/153\/revisions\/7107"}],"wp:featuredmedia":[{"embeddable":true,"href":"https:\/\/www.st-antonius.at\/antonius\/index.php?rest_route=\/wp\/v2\/media\/4714"}],"wp:attachment":[{"href":"https:\/\/www.st-antonius.at\/antonius\/index.php?rest_route=%2Fwp%2Fv2%2Fmedia&parent=153"}],"curies":[{"name":"wp","href":"https:\/\/api.w.org\/{rel}","templated":true}]}}