{"id":151,"date":"2008-07-28T16:29:15","date_gmt":"2008-07-28T14:29:15","guid":{"rendered":"http:\/\/www.st-antonius.at\/antonius\/?page_id=65"},"modified":"2016-05-12T23:41:02","modified_gmt":"2016-05-12T22:41:02","slug":"novenengebet-zu-bruder-benno","status":"publish","type":"page","link":"https:\/\/www.st-antonius.at\/antonius\/?page_id=151","title":{"rendered":"Novenengebet zu Bruder Benno"},"content":{"rendered":"<h2>Novenengebet zu Bruder Benno<\/h2>\n<p><a href=\"http:\/\/www.st-antonius.at\/antonius\/wp-content\/uploads\/2008\/07\/benno.jpg\"><img loading=\"lazy\" decoding=\"async\" class=\"alignright size-full wp-image-57\" title=\"benno\" src=\"http:\/\/www.st-antonius.at\/antonius\/wp-content\/uploads\/2008\/07\/benno.jpg\" alt=\"\" width=\"257\" height=\"339\" \/><\/a>Lieber Bruder Benno! Du warst in deinem Leben stets so g\u00fctig und hilfsbereit. Ungez\u00e4hlte hast du erquickt durch deine Liebesdienste an der Klosterpforte. Ungez\u00e4hlte hast du getr\u00f6stet, gest\u00e4rkt und aufgemuntert in ihrem Kreuz und Leid. Durch einen milden Blick deiner Augen, durch ein g\u00fctiges Wort hast du so manchem wunden Herzen Trost gegeben. Siehe, auch ich komme jetzt als Bittsteller voll Vertrauen zu dir in meiner Not \u2026<\/p>\n<p>(Hier nenne dein Anliegen.) Der barmherzige Gott sei mir gn\u00e4dig und helfe mir. Er gebe mir Kraft zu tragen, was er mir schickt. Er lasse die Furcht nicht \u00fcber mich herrschen. Seiner Gnade m\u00f6chte ich vertrauen und mein Leben ganz in seine Hand geben. Er mache mit mir, wie es ihm gef\u00e4llt und wie es f\u00fcr mich gut ist. Ich warte auf sein Heil und,auf sein Reich. Erflehe du, geduldigen und opferwilliger Bruder Benno, mir diese gro\u00dfe Gnade vom lieben Gott. Amen.<\/p>\n<p><strong>Gebet um die Seligsprechung von Bruder Benno<\/strong><\/p>\n<p>Herr, du bist gro\u00df und hoch zu loben; gro\u00df ist deine Macht, deine Weisheit ohne Ende. Und dich zu loben wagt der Mensch, ein winziger Teil deiner Sch\u00f6pfung, der Mensch, der dem Tod verfallen ist, der wei\u00df um seine S\u00fcnde und wei\u00df, da\u00df du dem Hoff\u00e4rtigen widerstehst; und dennoch, du selbst wolltest es so: wir sollen dich loben aus fr\u00f6hlichem Herzen; denn du hast uns auf dich hin geschaffen, und unser Herz ist unruhig, bis es Ruhe findet in dir. Wenn es dein Wille ist, bitte ich dich, da\u00df dem Bruder Benno \u00f6ffentliche Verehrung zuerkannt werde. Amen.<\/p>\n<p>\u201cH\u00f6chster, glorreicher Gott, erleuchte die Finsternis meines Herzens und schenke mir rechten Glauben, gefestigte Hoffnung und vollendete Liebe. Gib mir, Herr, das rechte Empfinden und Erkennen, damit ich deinen heiligen und wahrhaften Auftrag erf\u00fclle. Amen.\u201d<\/p>\n<p>(Gebet des hl. Franziskus vor dem Kreuzbild San Damiano.)<br \/>\nGebete mit kirchlicher Druckerlaubis<\/p>\n","protected":false},"excerpt":{"rendered":"<p>Novenengebet zu Bruder Benno Lieber Bruder Benno! Du warst in deinem Leben stets so g\u00fctig und hilfsbereit. Ungez\u00e4hlte hast du <a class=\"more-link\" href=\"https:\/\/www.st-antonius.at\/antonius\/?page_id=151\">weiterlesen&#8230;<\/a><\/p>\n","protected":false},"author":2,"featured_media":57,"parent":142,"menu_order":0,"comment_status":"closed","ping_status":"closed","template":"","meta":{"footnotes":""},"publishpress_future_action":{"enabled":false,"date":"2026-05-10 14:22:19","action":"Draft","newStatus":"draft","terms":[],"taxonomy":""},"_links":{"self":[{"href":"https:\/\/www.st-antonius.at\/antonius\/index.php?rest_route=\/wp\/v2\/pages\/151"}],"collection":[{"href":"https:\/\/www.st-antonius.at\/antonius\/index.php?rest_route=\/wp\/v2\/pages"}],"about":[{"href":"https:\/\/www.st-antonius.at\/antonius\/index.php?rest_route=\/wp\/v2\/types\/page"}],"author":[{"embeddable":true,"href":"https:\/\/www.st-antonius.at\/antonius\/index.php?rest_route=\/wp\/v2\/users\/2"}],"replies":[{"embeddable":true,"href":"https:\/\/www.st-antonius.at\/antonius\/index.php?rest_route=%2Fwp%2Fv2%2Fcomments&post=151"}],"version-history":[{"count":0,"href":"https:\/\/www.st-antonius.at\/antonius\/index.php?rest_route=\/wp\/v2\/pages\/151\/revisions"}],"up":[{"embeddable":true,"href":"https:\/\/www.st-antonius.at\/antonius\/index.php?rest_route=\/wp\/v2\/pages\/142"}],"wp:featuredmedia":[{"embeddable":true,"href":"https:\/\/www.st-antonius.at\/antonius\/index.php?rest_route=\/"}],"wp:attachment":[{"href":"https:\/\/www.st-antonius.at\/antonius\/index.php?rest_route=%2Fwp%2Fv2%2Fmedia&parent=151"}],"curies":[{"name":"wp","href":"https:\/\/api.w.org\/{rel}","templated":true}]}}