{"id":117,"date":"2008-07-26T15:25:07","date_gmt":"2008-07-26T13:25:07","guid":{"rendered":"http:\/\/www.st-antonius.at\/antonius\/?page_id=19"},"modified":"2016-04-15T08:10:38","modified_gmt":"2016-04-15T07:10:38","slug":"ausstattung-der-kirche","status":"publish","type":"page","link":"https:\/\/www.st-antonius.at\/antonius\/?page_id=117","title":{"rendered":"Ausstattung der Kirche"},"content":{"rendered":"<h2>Ausstattung der Kirche<\/h2>\n<h4>Christus K\u00f6nig, hl. Antonius und hl. Franziskus<\/h4>\n<table border=\"0\" width=\"100%\" cellspacing=\"0\" cellpadding=\"0\">\n<tbody>\n<tr>\n<td valign=\"top\"><a href=\"http:\/\/www.st-antonius.at\/antonius\/wp-content\/uploads\/2008\/07\/kap-kirche-christus.jpg\"><img loading=\"lazy\" decoding=\"async\" class=\"alignleft wp-image-4413 size-medium\" src=\"http:\/\/www.st-antonius.at\/antonius\/wp-content\/uploads\/2008\/07\/kap-kirche-christus-250x190.jpg\" alt=\"kap-kirche-christus\" width=\"250\" height=\"190\" srcset=\"https:\/\/www.st-antonius.at\/antonius\/wp-content\/uploads\/2008\/07\/kap-kirche-christus-250x190.jpg 250w, https:\/\/www.st-antonius.at\/antonius\/wp-content\/uploads\/2008\/07\/kap-kirche-christus.jpg 800w\" sizes=\"(max-width: 250px) 100vw, 250px\" \/><\/a>In der Mitte des Prespyteriums ist der verherrlichte Christus K\u00f6nig auf dem Kreuz zu sehen, links der hl. Antonius, der das Brot den Armen gibt und durch seine Predigt und sein Leben auf Jesus Christus weist; rechts der hl. Franziskus: er ist dargestellt als der \u201eseraphische\u201c, d.h. von gl\u00fchender Liebe erf\u00fcllte Franziskus, der die Wundmale Christi tr\u00e4gt. Diese kunstvollen Plastiken schuf der Bildhauer Rudolf Gruber aus Wil, Kanton St. Gallen, Schweiz, im Jahre 1972. Das Glasfenster um den Tabernakel ist ein Werk des Bregenzer K\u00fcnstlers Hubert Berchtold.<\/td>\n<\/tr>\n<\/tbody>\n<\/table>\n<h4 class=\"td1\">Altarbild mit dem hl. Antonius<\/h4>\n<table border=\"0\" width=\"100%\" cellspacing=\"0\" cellpadding=\"0\">\n<tbody>\n<tr>\n<td valign=\"top\"><a href=\"http:\/\/www.st-antonius.at\/antonius\/wp-content\/uploads\/2008\/07\/antoniusbild1a.gif\"><img loading=\"lazy\" decoding=\"async\" class=\"alignleft wp-image-25 size-full\" title=\"antoniusbild1a\" src=\"http:\/\/www.st-antonius.at\/antonius\/wp-content\/uploads\/2008\/07\/antoniusbild1a.gif\" alt=\"\" width=\"268\" height=\"432\" \/><\/a>Das barocke Hochaltarbild in der Josefskapelle mit der Darstellung des hl. Antonius weist auf die Gr\u00fcndungsgeschichte des Klosters hin. Zu F\u00fc\u00dfen des hl. Antonius (links) Weihbischof Sebastian M\u00fcller, dann der Abt der damaligen Benediktinerabtei Mehrerau, Placidus Vigell, ein Freund des hl. Fidelis und eifriger F\u00f6rderer der Kapuziner und (rechts) der Prior der Mehrerau, P. Franz von Rausperg, der zugleich Pfarrer von St. Gallus war.<\/p>\n<p>Im Bild wird die Erz\u00e4hlung dargestellt: Abt Placidus wollte das Grundst\u00fcck zum Bau des Kapuzinerklosters zur Verf\u00fcgung stellen, aber sein Prior war dagegen. Ein Engel hat ihm mit seinem Fu\u00df einen Sto\u00df auf den Kopf versetzt. Daraufhin hat er seine Meinung ge\u00e4ndert und doch die Zustimmung zur Schenkung des Grundst\u00fcckes gegeben.<\/p>\n<p>Der hl. Benedikt (Links unten) weist auf den hl. Antonius um gleichsam zu sagen: Baut f\u00fcr ihn das Kloster und die Kirche.<\/td>\n<\/tr>\n<\/tbody>\n<\/table>\n<h4 class=\"td1\">Schmerzensmutter<\/h4>\n<table border=\"0\" width=\"100%\" cellspacing=\"0\" cellpadding=\"0\">\n<tbody>\n<tr>\n<td valign=\"top\"><a href=\"http:\/\/www.st-antonius.at\/antonius\/wp-content\/uploads\/2008\/07\/maria2.jpg\"><img loading=\"lazy\" decoding=\"async\" class=\"alignleft wp-image-28 size-full\" title=\"maria2\" src=\"http:\/\/www.st-antonius.at\/antonius\/wp-content\/uploads\/2008\/07\/maria2.jpg\" alt=\"\" width=\"250\" height=\"365\" \/><\/a>Die Statue der Schmerzensmutter ist ein ergreifendes Werk, wohl aus dem 15. Jahrhundert. Sie stand bis 1991 im Bildstock gegen\u00fcber dem Eingang der Kirche, wurde damals durch Vandalismus schwer besch\u00e4digt, konnte aber in ihrer urspr\u00fcnglichen Fassung wiederhergestellt werden.<\/td>\n<\/tr>\n<\/tbody>\n<\/table>\n<h4 class=\"td1\">Tod des hl. Josef<\/h4>\n<table border=\"0\" width=\"100%\" cellspacing=\"0\" cellpadding=\"0\">\n<tbody>\n<tr>\n<td valign=\"top\"><a href=\"http:\/\/www.st-antonius.at\/antonius\/wp-content\/uploads\/2008\/07\/josefst.jpg\"><img loading=\"lazy\" decoding=\"async\" class=\"alignleft wp-image-35 size-full\" title=\"josefst\" src=\"http:\/\/www.st-antonius.at\/antonius\/wp-content\/uploads\/2008\/07\/josefst.jpg\" alt=\"\" width=\"200\" height=\"235\" \/><\/a>In der Seitenkapelle, die dem heiligen Josef geweiht ist, befindet sich ein Relief, das den Tod des hl. Josef darstellt. Es ist eine ansprechende Arbeit von J. Piger aus dem Jahre 1885.<\/td>\n<\/tr>\n<\/tbody>\n<\/table>\n<h4 class=\"td1\">Pieta<\/h4>\n<table border=\"0\" width=\"100%\" cellspacing=\"0\" cellpadding=\"0\">\n<tbody>\n<tr>\n<td valign=\"top\"><a href=\"http:\/\/www.st-antonius.at\/antonius\/wp-content\/uploads\/2008\/07\/pieta1.jpg\"><img loading=\"lazy\" decoding=\"async\" class=\"alignleft wp-image-38 size-full\" title=\"pieta1\" src=\"http:\/\/www.st-antonius.at\/antonius\/wp-content\/uploads\/2008\/07\/pieta1.jpg\" alt=\"\" width=\"242\" height=\"338\" \/><\/a>Das k\u00fcnstlerisch wohl bedeutsamste Werk ist die Pieta vorne links. Sie wurde um 1480 im Bodenseeraum geschaffen. Urspr\u00fcnglich stand sie im Kapuzinerkloster in Wangen im Allg\u00e4u. Als dieses Kloster 1813 aufgehoben wurde, kam sie als Geschenk nach Bregenz.<\/td>\n<\/tr>\n<\/tbody>\n<\/table>\n<h4 class=\"td1\">Das Grab von Bruder Benno Koglbauer<\/h4>\n<table border=\"0\" width=\"100%\" cellspacing=\"0\" cellpadding=\"0\">\n<tbody>\n<tr>\n<td valign=\"top\"><a href=\"http:\/\/www.st-antonius.at\/antonius\/wp-content\/uploads\/2008\/07\/bruder-benno-grab.jpg\"><img loading=\"lazy\" decoding=\"async\" class=\"alignleft wp-image-4397\" src=\"http:\/\/www.st-antonius.at\/antonius\/wp-content\/uploads\/2008\/07\/bruder-benno-grab.jpg\" alt=\"bruder-benno-grab\" width=\"229\" height=\"305\" srcset=\"https:\/\/www.st-antonius.at\/antonius\/wp-content\/uploads\/2008\/07\/bruder-benno-grab.jpg 500w, https:\/\/www.st-antonius.at\/antonius\/wp-content\/uploads\/2008\/07\/bruder-benno-grab-225x300.jpg 225w\" sizes=\"(max-width: 229px) 100vw, 229px\" \/><\/a>In der Seitenkapelle befindet sich auch das Grab von Bruder Benno Koglbauer, gestorben 1925. Sein Seligsprechungsprozess wurde am 10. Juli 1955 von Bischof Paulus Rusch (Innsbruck) eingeleitet. Bruder Benno Koglbauer stammte aus M\u00f6nichkirchen, N\u00d6. Erst mit 40 Jahren trat er nach einem harten Ringen mit sich selbst in den Orden ein. Mit heroischer Geduld betreute er fast 25 Jahre die Klosterpforte, lebte still in Fr\u00f6mmigkeit, G\u00fcte und Hilfsbereitschaft. Darum sprachen alle, die ihn kannten, gleich nach seinem Hinscheiden am 13. Dezember 1925 von ihm als einen \u201cHeiligen\u201d und gaben ihm den Ehrennamen \u201cder gute Br. Benno\u201d. Auch viele Gebete werden an sein Grab getragen, und immer wieder macht er seinem Beinamen alle Ehre. Er hilft!<\/td>\n<\/tr>\n<\/tbody>\n<\/table>\n","protected":false},"excerpt":{"rendered":"<p>Ausstattung der Kirche Christus K\u00f6nig, hl. Antonius und hl. Franziskus In der Mitte des Prespyteriums ist der verherrlichte Christus K\u00f6nig <a class=\"more-link\" href=\"https:\/\/www.st-antonius.at\/antonius\/?page_id=117\">weiterlesen&#8230;<\/a><\/p>\n","protected":false},"author":2,"featured_media":20,"parent":103,"menu_order":0,"comment_status":"closed","ping_status":"closed","template":"","meta":{"footnotes":""},"publishpress_future_action":{"enabled":false,"date":"2026-05-10 14:34:10","action":"Draft","newStatus":"draft","terms":[],"taxonomy":""},"_links":{"self":[{"href":"https:\/\/www.st-antonius.at\/antonius\/index.php?rest_route=\/wp\/v2\/pages\/117"}],"collection":[{"href":"https:\/\/www.st-antonius.at\/antonius\/index.php?rest_route=\/wp\/v2\/pages"}],"about":[{"href":"https:\/\/www.st-antonius.at\/antonius\/index.php?rest_route=\/wp\/v2\/types\/page"}],"author":[{"embeddable":true,"href":"https:\/\/www.st-antonius.at\/antonius\/index.php?rest_route=\/wp\/v2\/users\/2"}],"replies":[{"embeddable":true,"href":"https:\/\/www.st-antonius.at\/antonius\/index.php?rest_route=%2Fwp%2Fv2%2Fcomments&post=117"}],"version-history":[{"count":0,"href":"https:\/\/www.st-antonius.at\/antonius\/index.php?rest_route=\/wp\/v2\/pages\/117\/revisions"}],"up":[{"embeddable":true,"href":"https:\/\/www.st-antonius.at\/antonius\/index.php?rest_route=\/wp\/v2\/pages\/103"}],"wp:featuredmedia":[{"embeddable":true,"href":"https:\/\/www.st-antonius.at\/antonius\/index.php?rest_route=\/"}],"wp:attachment":[{"href":"https:\/\/www.st-antonius.at\/antonius\/index.php?rest_route=%2Fwp%2Fv2%2Fmedia&parent=117"}],"curies":[{"name":"wp","href":"https:\/\/api.w.org\/{rel}","templated":true}]}}